{"id":14,"date":"2020-08-19T18:04:50","date_gmt":"2020-08-19T18:04:50","guid":{"rendered":"http:\/\/consulti.tec.br\/?page_id=14"},"modified":"2022-03-08T15:45:27","modified_gmt":"2022-03-08T15:45:27","slug":"about","status":"publish","type":"page","link":"https:\/\/consulti.tec.br\/","title":{"rendered":"A respeito"},"content":{"rendered":"\n<p>A CONSULTI tem como objetivo dar suporte \u00e0 empresas que investem em tecnologia, coordenando processos de aquisi\u00e7\u00f5es de equipamentos, softwares e outras solu\u00e7\u00f5es criativas necess\u00e1rias para o melhor custo benef\u00edcio na obten\u00e7\u00e3o dos resultados desejados.<\/p>\n\n\n\n<p>Quer gastar somente o necess\u00e1rio, fale com a gente.<\/p>\n","protected":false},"excerpt":{"rendered":"<p>A CONSULTI tem como objetivo dar suporte \u00e0 empresas que investem em tecnologia, coordenando processos de aquisi\u00e7\u00f5es de equipamentos, softwares e outras solu\u00e7\u00f5es criativas necess\u00e1rias para o melhor custo benef\u00edcio na obten\u00e7\u00e3o dos resultados desejados. Quer gastar somente o necess\u00e1rio, fale com a gente.<\/p>\n","protected":false},"author":1,"featured_media":0,"parent":0,"menu_order":0,"comment_status":"closed","ping_status":"closed","template":"","meta":{"_ti_tpc_template_sync":false,"_ti_tpc_template_id":"","footnotes":""},"class_list":["post-14","page","type-page","status-publish","hentry"],"_links":{"self":[{"href":"https:\/\/consulti.tec.br\/index.php?rest_route=\/wp\/v2\/pages\/14","targetHints":{"allow":["GET"]}}],"collection":[{"href":"https:\/\/consulti.tec.br\/index.php?rest_route=\/wp\/v2\/pages"}],"about":[{"href":"https:\/\/consulti.tec.br\/index.php?rest_route=\/wp\/v2\/types\/page"}],"author":[{"embeddable":true,"href":"https:\/\/consulti.tec.br\/index.php?rest_route=\/wp\/v2\/users\/1"}],"replies":[{"embeddable":true,"href":"https:\/\/consulti.tec.br\/index.php?rest_route=%2Fwp%2Fv2%2Fcomments&post=14"}],"version-history":[{"count":3,"href":"https:\/\/consulti.tec.br\/index.php?rest_route=\/wp\/v2\/pages\/14\/revisions"}],"predecessor-version":[{"id":45,"href":"https:\/\/consulti.tec.br\/index.php?rest_route=\/wp\/v2\/pages\/14\/revisions\/45"}],"wp:attachment":[{"href":"https:\/\/consulti.tec.br\/index.php?rest_route=%2Fwp%2Fv2%2Fmedia&parent=14"}],"curies":[{"name":"wp","href":"https:\/\/api.w.org\/{rel}","templated":true}]}}